{"id":8263,"date":"2026-05-15T11:27:57","date_gmt":"2026-05-15T09:27:57","guid":{"rendered":"https:\/\/potep.edu.it\/?page_id=8263"},"modified":"2026-05-15T11:27:57","modified_gmt":"2026-05-15T09:27:57","slug":"drzavni-izpit-2025-26","status":"publish","type":"page","link":"https:\/\/potep.edu.it\/sl\/drzavni-izpit-2025-26\/","title":{"rendered":"Dr\u017eavni izpit 2025\/26"},"content":{"rendered":"<h2>URADNI DOKUMENTI<\/h2>\n<ul>\n<li><a href=\"https:\/\/potep.edu.it\/wp-content\/uploads\/2026\/05\/Allegato-4-SC-SLOVENE-signed.pdf\" target=\"_blank\" rel=\"noopener\">PREDMETI ZA SLOVENSKE \u0160OLE<\/a><\/li>\n<li><a href=\"https:\/\/potep.edu.it\/wp-content\/uploads\/2026\/05\/m_pi.AOOGABMI.Registro-DecretiR.0000013.29-01-2026.pdf\" target=\"_blank\" rel=\"noopener\">MINISTRSKA UREDBA O POTEKU IZPITA<\/a><\/li>\n<li><a href=\"https:\/\/potep.edu.it\/wp-content\/uploads\/2026\/05\/m_pi.AOOGABMI.Registro-DecretiR.0000054.26-03-2026.pdf\" target=\"_blank\" rel=\"noopener\">MINISTRSKA UREDBA O POTEKU MATURITETNEGA IZPITA<\/a><\/li>\n<li><a href=\"https:\/\/potep.edu.it\/wp-content\/uploads\/2026\/05\/nota-78833.pdf\" target=\"_blank\" rel=\"noopener\">UPORABA ELEKTRONSKIH KALKULATORJEV PRI PISNIH NALOGAH NA MATURITETNEM IZPITU (Dopis \u0161t. 78833)<\/a><\/li>\n<li><a href=\"https:\/\/potep.edu.it\/wp-content\/uploads\/2026\/05\/Allegato-A-griglia-valutazione-colloquio-2026-signed.pdf\" target=\"_blank\" rel=\"noopener\">OCENJEVALNA POLA ZA USTNI DEL IZPITA<\/a><\/li>\n<\/ul>\n<h2>Dokument 15. maja \u0161.l. 2025\/26<\/h2>\n<ul>\n<li><a href=\"https:\/\/potep.edu.it\/wp-content\/uploads\/2026\/05\/5V-dokument-15-maja-2025-26-PRIVACY.pdf\" target=\"_blank\" rel=\"noopener\">VEGA<\/a><\/li>\n<li><a href=\"https:\/\/potep.edu.it\/wp-content\/uploads\/2026\/05\/5UFM-dokument-15-maja-2025-26-PRIVACY.pdf\" target=\"_blank\" rel=\"noopener\">UFM<\/a><\/li>\n<li><a href=\"https:\/\/potep.edu.it\/wp-content\/uploads\/2026\/05\/5TURIZEM-dokument-15-maja-2025-26-PRIVACY.pdf\" target=\"_blank\" rel=\"noopener\">TURIZEM<\/a><\/li>\n<\/ul>\n<h2>PISMO RAVNATELJA<\/h2>\n<p>Drage dijakinje, dragi dijaki,<\/p>\n<p>obve\u0161\u010dam vas, da je minister Valditara z Ministrsko uredbo \u0161t. 13 z dne 29. januarja 2026 uradno dolo\u010dil na\u010din izvedbe dr\u017eavne mature ter predmete, ki so predmet pisnih in ustnega dela izpita v \u0161olskem letu 2025\/2026.<\/p>\n<p>Za srednje \u0161ole s slovenskim u\u010dnim jezikom v Furlaniji \u2013 Julijski krajini matura obsega tri pisne preizkuse in ustni izpit. Namen mature je celovito preverjanje znanja, spretnosti in kompetenc, ki ste jih pridobili v \u010dasu \u0161olanja.<\/p>\n<p>Prva pisna naloga preverja znanje slovenskega jezika, s poudarkom na razumevanju, pisnem izra\u017eanju ter logi\u010dnem in kriti\u010dnem mi\u0161ljenju. Prvi pisni nalogi komisija dodeli do najve\u010d 15 to\u010dk.<\/p>\n<p>Druga pisna naloga je dolo\u010dena na dr\u017eavni ravni glede na posamezno izobra\u017eevalno smer; naloge so uradno prevedene v slovenski jezik. Drugi pisni nalogi komisija dodeli do najve\u010d 15 to\u010dk.<\/p>\n<p>Tretja pisna naloga preverja znanje italijan\u0161\u010dine kot drugega jezika, zlasti razumevanje besedila in pisno izra\u017eanje. Tretji pisni nalogi komisija dodeli do najve\u010d 10 to\u010dk.<\/p>\n<p>Ustni izpit <strong>je obvezni del mature<\/strong> in je skupaj s pisnimi preizkusi pogoj za veljavno opravljanje izpita. Njegov temeljni namen je preveriti, ali je kandidat dosegel vzgojno-izobra\u017eevalni, kulturni in poklicni profil dijaka ob zaklju\u010dku \u0161olanja.<\/p>\n<p>Ustni izpit:<\/p>\n<p><strong>poteka iz \u0161tirih predmetov, dolo\u010denih na dr\u017eavni ravni,<\/strong><\/p>\n<p>temelji tudi na <strong>Curriculumu dijaka<\/strong>, ki povzema celotno \u0161olsko in ob\u0161olsko pot.<\/p>\n<p><strong>Zagovor se za\u010dne s kratkim razmislekom dijaka o lastnem \u0161olskem in osebnem razvoju<\/strong>, nato pa se nadaljuje z vpra\u0161anji in poglobitvami iz \u0161tirih izbranih predmetov. Pri tem komisija preverja:<\/p>\n<ul>\n<li>poznavanje vsebin in metod posameznih predmetov,<\/li>\n<li>sposobnost povezovanja znanj,<\/li>\n<li>zmo\u017enost kriti\u010dnega, samostojnega in osebnega argumentiranja,<\/li>\n<li>stopnjo zrelosti, odgovornosti in samostojnosti.<\/li>\n<\/ul>\n<p>V okviru ustnega izpita dijak:<\/p>\n<ul>\n<li>predstavi izku\u0161nje <strong>\u0161olskega izobra\u017eevanja za delo s kratko pisno razlago ali multimedijskim izdelkom,<\/strong><\/li>\n<li>izkazuje <strong>znanja in kompetence s podro\u010dja dr\u017eavljanske vzgoje<\/strong> (educazione civica), skladno z u\u010dnim na\u010drtom \u0161ole in dejavnostmi, dolo\u010denimi v dokumentu razrednega sveta,<\/li>\n<li>sodeluje pri razpravi o pisnih nalogah, opravljenih na maturi.<\/li>\n<\/ul>\n<p>Poseben poudarek je namenjen tudi znanju italijan\u0161\u010dine kot drugega jezika, ki se preverja tako pri pisnem kot pri ustnem delu izpita.<\/p>\n<p>Komisija pri ocenjevanju upo\u0161teva celostni razvoj dijaka, vklju\u010dno z:<\/p>\n<ul>\n<li>znanjem, spretnostmi in kompetencami,<\/li>\n<li>osebno rastjo, zavzetostjo in odgovornostjo,<\/li>\n<li>morebitnimi posebej prizadevnimi in dokumentiranimi dejavnostmi, navedenimi v Curriculum-u.<\/li>\n<\/ul>\n<p>Matura je veljavno opravljena <strong>le, \u010de kandidat opravi vse predpisane preizkuse<\/strong>, vklju\u010dno z ustnim delom.<\/p>\n<p>K temu obvestilu pripenjam:<\/p>\n<p>Ministrsko uredbo \u0161t. 13 z dne 29. 1. 2026<\/p>\n<p>Uradni seznam predmetov druge pisne naloge in \u0161tirih predmetov ustnega zagovora za slovenske \u0161ole, razdeljen po posameznih izobra\u017eevalnih smereh.<\/p>\n<p>Vabim vas, da dokumente natan\u010dno preberete, saj predstavljajo uradno in zavezujo\u010do podlago za organizacijo in pripravo dr\u017eavne mature 2025\/2026. Vabim Vas tudi, da skrbno izpolnite svoj \u0161tudentski kurikulum. Za dodatna pojasnila se lahko obrnete na razrednike ali na vodstvo \u0161ole.<\/p>\n<p>\u017delim vam uspe\u0161no in mirno pripravo na maturo.<\/p>\n<p>Prisr\u010den pozdrav<\/p>\n<p>Ravnatelj<br \/>\nPeter \u010cernic<\/p>\n","protected":false},"excerpt":{"rendered":"<p>URADNI DOKUMENTI PREDMETI ZA SLOVENSKE \u0160OLE MINISTRSKA UREDBA O POTEKU IZPITA MINISTRSKA UREDBA O POTEKU MATURITETNEGA IZPITA UPORABA ELEKTRONSKIH KALKULATORJEV PRI PISNIH NALOGAH NA MATURITETNEM IZPITU (Dopis \u0161t. 78833) OCENJEVALNA POLA ZA USTNI DEL IZPITA Dokument [&hellip;]<\/p>\n","protected":false},"author":5,"featured_media":0,"parent":0,"menu_order":0,"comment_status":"closed","ping_status":"closed","template":"","meta":{"_acf_changed":false,"footnotes":""},"tags":[],"class_list":["post-8263","page","type-page","status-publish","hentry"],"acf":[],"_links":{"self":[{"href":"https:\/\/potep.edu.it\/sl\/wp-json\/wp\/v2\/pages\/8263","targetHints":{"allow":["GET"]}}],"collection":[{"href":"https:\/\/potep.edu.it\/sl\/wp-json\/wp\/v2\/pages"}],"about":[{"href":"https:\/\/potep.edu.it\/sl\/wp-json\/wp\/v2\/types\/page"}],"author":[{"embeddable":true,"href":"https:\/\/potep.edu.it\/sl\/wp-json\/wp\/v2\/users\/5"}],"replies":[{"embeddable":true,"href":"https:\/\/potep.edu.it\/sl\/wp-json\/wp\/v2\/comments?post=8263"}],"version-history":[{"count":1,"href":"https:\/\/potep.edu.it\/sl\/wp-json\/wp\/v2\/pages\/8263\/revisions"}],"predecessor-version":[{"id":8282,"href":"https:\/\/potep.edu.it\/sl\/wp-json\/wp\/v2\/pages\/8263\/revisions\/8282"}],"wp:attachment":[{"href":"https:\/\/potep.edu.it\/sl\/wp-json\/wp\/v2\/media?parent=8263"}],"wp:term":[{"taxonomy":"post_tag","embeddable":true,"href":"https:\/\/potep.edu.it\/sl\/wp-json\/wp\/v2\/tags?post=8263"}],"curies":[{"name":"wp","href":"https:\/\/api.w.org\/{rel}","templated":true}]}}