{"id":7883,"date":"2025-11-03T11:00:56","date_gmt":"2025-11-03T09:00:56","guid":{"rendered":"https:\/\/potep.edu.it\/?page_id=7883"},"modified":"2025-11-03T11:10:12","modified_gmt":"2025-11-03T09:10:12","slug":"razpisi-za-poucevanje","status":"publish","type":"page","link":"https:\/\/potep.edu.it\/sl\/razpisi-za-poucevanje\/","title":{"rendered":"Razpisi za pou\u010devanje"},"content":{"rendered":"<p><a href=\"https:\/\/web.spaggiari.eu\/sdg\/app\/default\/albo_pretorio.php?sede_codice=GOII0008&amp;referer=https:\/\/www.potep.edu.it\/\" target=\"_blank\" rel=\"noopener\">Oglej si aktivne razpise za pou\u010devanje na slede\u010di povezavi (razedelek AVVISI):<\/a><\/p>\n<p><a href=\"https:\/\/web.spaggiari.eu\/sdg\/app\/default\/albo_pretorio.php?sede_codice=GOII0008&amp;referer=https:\/\/www.potep.edu.it\/\" target=\"_blank\" rel=\"noopener\">https:\/\/web.spaggiari.eu\/sdg\/app\/default\/albo_pretorio.php?sede_codice=GOII0008&amp;referer=https:\/\/www.potep.edu.it\/<\/a><\/p>\n<p><a href=\"https:\/\/web.spaggiari.eu\/sdg2\/Trasparenza\/GOII0008?idCategoria=40501\" target=\"_blank\" rel=\"noopener\">Glej zgodovino razpisov za zaposlitev u\u010dnega kadra (razdelek osebje za dolo\u010den \u010das)<\/a><\/p>\n<p><a href=\"https:\/\/web.spaggiari.eu\/sdg2\/Trasparenza\/GOII0008?idCategoria=40501\" target=\"_blank\" rel=\"noopener\">https:\/\/web.spaggiari.eu\/sdg2\/Trasparenza\/GOII0008?idCategoria=40501<\/a><\/p>\n","protected":false},"excerpt":{"rendered":"<p>Oglej si aktivne razpise za pou\u010devanje na slede\u010di povezavi (razedelek AVVISI): https:\/\/web.spaggiari.eu\/sdg\/app\/default\/albo_pretorio.php?sede_codice=GOII0008&amp;referer=https:\/\/www.potep.edu.it\/ Glej zgodovino razpisov za zaposlitev u\u010dnega kadra (razdelek osebje za dolo\u010den \u010das) https:\/\/web.spaggiari.eu\/sdg2\/Trasparenza\/GOII0008?idCategoria=40501<\/p>\n","protected":false},"author":5,"featured_media":0,"parent":0,"menu_order":0,"comment_status":"closed","ping_status":"closed","template":"","meta":{"_acf_changed":false,"footnotes":""},"tags":[],"class_list":["post-7883","page","type-page","status-publish","hentry"],"acf":[],"_links":{"self":[{"href":"https:\/\/potep.edu.it\/sl\/wp-json\/wp\/v2\/pages\/7883","targetHints":{"allow":["GET"]}}],"collection":[{"href":"https:\/\/potep.edu.it\/sl\/wp-json\/wp\/v2\/pages"}],"about":[{"href":"https:\/\/potep.edu.it\/sl\/wp-json\/wp\/v2\/types\/page"}],"author":[{"embeddable":true,"href":"https:\/\/potep.edu.it\/sl\/wp-json\/wp\/v2\/users\/5"}],"replies":[{"embeddable":true,"href":"https:\/\/potep.edu.it\/sl\/wp-json\/wp\/v2\/comments?post=7883"}],"version-history":[{"count":4,"href":"https:\/\/potep.edu.it\/sl\/wp-json\/wp\/v2\/pages\/7883\/revisions"}],"predecessor-version":[{"id":7894,"href":"https:\/\/potep.edu.it\/sl\/wp-json\/wp\/v2\/pages\/7883\/revisions\/7894"}],"wp:attachment":[{"href":"https:\/\/potep.edu.it\/sl\/wp-json\/wp\/v2\/media?parent=7883"}],"wp:term":[{"taxonomy":"post_tag","embeddable":true,"href":"https:\/\/potep.edu.it\/sl\/wp-json\/wp\/v2\/tags?post=7883"}],"curies":[{"name":"wp","href":"https:\/\/api.w.org\/{rel}","templated":true}]}}