{"id":7658,"date":"2025-04-30T10:51:40","date_gmt":"2025-04-30T08:51:40","guid":{"rendered":"https:\/\/potep.edu.it\/?page_id=7658"},"modified":"2025-06-05T12:03:09","modified_gmt":"2025-06-05T10:03:09","slug":"drzavni-izpit-2024-25","status":"publish","type":"page","link":"https:\/\/potep.edu.it\/sl\/drzavni-izpit-2024-25\/","title":{"rendered":"Dr\u017eavni izpit 2024\/25"},"content":{"rendered":"<p><a href=\"https:\/\/potep.edu.it\/wp-content\/uploads\/2025\/04\/Allegato_A_Griglia_valutazione_colloquio-2024_2025-signed.pdf\" target=\"_blank\" rel=\"noopener\">Ocenjevalna tabela za ustni del dr\u017eavnega izpita<\/a><\/p>\n<p><a href=\"https:\/\/potep.edu.it\/wp-content\/uploads\/2025\/04\/Ordinanza-Ministeriale-n.-67-del-31-marzo-2025.pdf\" target=\"_blank\" rel=\"noopener\">Ministrska odredba \u0161t. 67 z dne 31. marca 2025<\/a><\/p>\n<p><a href=\"https:\/\/potep.edu.it\/wp-content\/uploads\/2025\/04\/predmeti-matura-slovenske-sole.pdf\" target=\"_blank\" rel=\"noopener\">Predmeti zaklju\u010dnega dr\u017eavnega izpita drugega izobra\u017eevalnega cikla<\/a><\/p>\n<p><a href=\"https:\/\/www.istruzione.it\/esami-di-stato\/tutto-sulla-maturita-2025.html\" target=\"_blank\" rel=\"noopener\">Vse o maturi 2025<\/a><\/p>\n<p><a href=\"https:\/\/usrfvg.gov.it\/sl\/home\/menu\/uffici\/ufficio-scuole-slovene\/Esami-di-stato\/\" target=\"_blank\" rel=\"noopener\">Arhiv nalog prej\u0161njih let<\/a><\/p>\n<p>&nbsp;<\/p>\n<p><strong>Dokument 15. maja \u0161.l. 2024\/25<\/strong><\/p>\n<ul>\n<li><a href=\"https:\/\/potep.edu.it\/wp-content\/uploads\/2025\/06\/dok15majaVEGA_sl24-25.pdf\" target=\"_blank\" rel=\"noopener\">VEGA<\/a><\/li>\n<li><a href=\"https:\/\/potep.edu.it\/wp-content\/uploads\/2025\/06\/dok15majaUFM_sl24-25.pdf\" target=\"_blank\" rel=\"noopener\">UFM<\/a><\/li>\n<li><a href=\"https:\/\/potep.edu.it\/wp-content\/uploads\/2025\/06\/dok15majaTURISTICNA_sl24-25.pdf\" target=\"_blank\" rel=\"noopener\">TURISTI\u010cNA<\/a><\/li>\n<\/ul>\n<p>&nbsp;<\/p>\n<p><strong>Sestava komisije na dr\u017eavnem izpitu<\/strong><\/p>\n<ul>\n<li><a href=\"https:\/\/potep.edu.it\/wp-content\/uploads\/2025\/06\/komisija-vega.pdf\" target=\"_blank\" rel=\"noopener\">Komisija VEGA &#8211; smer Informatika<\/a><\/li>\n<li><a href=\"https:\/\/potep.edu.it\/wp-content\/uploads\/2025\/06\/komisija-ufm-turisticna.pdf\" target=\"_blank\" rel=\"noopener\">Komisija ZOIS &#8211; smer Uprava, finance in marketing<\/a><\/li>\n<li><a href=\"https:\/\/potep.edu.it\/wp-content\/uploads\/2025\/06\/komisija-ufm-turisticna.pdf\" target=\"_blank\" rel=\"noopener\">Komisija ZOIS &#8211; Turisti\u010dna smer<\/a><\/li>\n<\/ul>\n","protected":false},"excerpt":{"rendered":"<p>Ocenjevalna tabela za ustni del dr\u017eavnega izpita Ministrska odredba \u0161t. 67 z dne 31. marca 2025 Predmeti zaklju\u010dnega dr\u017eavnega izpita drugega izobra\u017eevalnega cikla Vse o maturi 2025 Arhiv nalog prej\u0161njih let &nbsp; Dokument 15. maja \u0161.l. [&hellip;]<\/p>\n","protected":false},"author":5,"featured_media":0,"parent":0,"menu_order":0,"comment_status":"closed","ping_status":"closed","template":"","meta":{"_acf_changed":false,"footnotes":""},"tags":[],"class_list":["post-7658","page","type-page","status-publish","hentry"],"acf":[],"_links":{"self":[{"href":"https:\/\/potep.edu.it\/sl\/wp-json\/wp\/v2\/pages\/7658","targetHints":{"allow":["GET"]}}],"collection":[{"href":"https:\/\/potep.edu.it\/sl\/wp-json\/wp\/v2\/pages"}],"about":[{"href":"https:\/\/potep.edu.it\/sl\/wp-json\/wp\/v2\/types\/page"}],"author":[{"embeddable":true,"href":"https:\/\/potep.edu.it\/sl\/wp-json\/wp\/v2\/users\/5"}],"replies":[{"embeddable":true,"href":"https:\/\/potep.edu.it\/sl\/wp-json\/wp\/v2\/comments?post=7658"}],"version-history":[{"count":3,"href":"https:\/\/potep.edu.it\/sl\/wp-json\/wp\/v2\/pages\/7658\/revisions"}],"predecessor-version":[{"id":7734,"href":"https:\/\/potep.edu.it\/sl\/wp-json\/wp\/v2\/pages\/7658\/revisions\/7734"}],"wp:attachment":[{"href":"https:\/\/potep.edu.it\/sl\/wp-json\/wp\/v2\/media?parent=7658"}],"wp:term":[{"taxonomy":"post_tag","embeddable":true,"href":"https:\/\/potep.edu.it\/sl\/wp-json\/wp\/v2\/tags?post=7658"}],"curies":[{"name":"wp","href":"https:\/\/api.w.org\/{rel}","templated":true}]}}