{"id":6713,"date":"2023-08-21T09:58:26","date_gmt":"2023-08-21T09:58:26","guid":{"rendered":"https:\/\/potep.edu.it\/?page_id=6713"},"modified":"2024-08-26T10:43:44","modified_gmt":"2024-08-26T08:43:44","slug":"note-legali","status":"publish","type":"page","link":"https:\/\/potep.edu.it\/sl\/note-legali\/","title":{"rendered":"Pravne opombe"},"content":{"rendered":"<div>\n<h3 data-element=\"legal-notes-section\">Licenca vsebin<\/h3>\n<\/div>\n<p>V skladu z na\u010delom &#8220;odprto privzeto&#8221; v skladu s 52. \u010dlenom zakonodajnega dekreta z dne 7. marca 2005, \u0161t. 82 (CAD), in razen \u010de ni druga\u010de dolo\u010deno (vklju\u010dno z vklju\u010denimi vsebinami tretjih oseb), so podatki, dokumenti in informacije, objavljeni na spletnem mestu, izdani z <a href=\"https:\/\/creativecommons.org\/licenses\/by\/4.0\/legalcode.sl\">licenco CC-BY 4.0<\/a>. Uporabniki so tako svobodni deliti (razmno\u017eevati, distribuirati, komunicirati z javnostjo, javno prikazovati), predstavljati, izvajati in upodabljati to gradivo na kakr\u0161en koli na\u010din in v katerem koli formatu ter spreminjati (preoblikovati gradivo in ga uporabljati za izpeljana dela) za kakr\u0161en koli namen, tudi komercialni, z edinim pogojem navajanja vira, brez dodatnih omejitev.<\/p>\n<div>\n<p data-element=\"legal-notes-body\">\n<\/div>\n","protected":false},"excerpt":{"rendered":"<p>Licenca vsebin V skladu z na\u010delom &#8220;odprto privzeto&#8221; v skladu s 52. \u010dlenom zakonodajnega dekreta z dne 7. marca 2005, \u0161t. 82 (CAD), in razen \u010de ni druga\u010de dolo\u010deno (vklju\u010dno z vklju\u010denimi vsebinami tretjih oseb), so [&hellip;]<\/p>\n","protected":false},"author":13,"featured_media":0,"parent":0,"menu_order":0,"comment_status":"closed","ping_status":"closed","template":"","meta":{"_acf_changed":false,"footnotes":""},"tags":[],"class_list":["post-6713","page","type-page","status-publish","hentry"],"acf":[],"_links":{"self":[{"href":"https:\/\/potep.edu.it\/sl\/wp-json\/wp\/v2\/pages\/6713","targetHints":{"allow":["GET"]}}],"collection":[{"href":"https:\/\/potep.edu.it\/sl\/wp-json\/wp\/v2\/pages"}],"about":[{"href":"https:\/\/potep.edu.it\/sl\/wp-json\/wp\/v2\/types\/page"}],"author":[{"embeddable":true,"href":"https:\/\/potep.edu.it\/sl\/wp-json\/wp\/v2\/users\/13"}],"replies":[{"embeddable":true,"href":"https:\/\/potep.edu.it\/sl\/wp-json\/wp\/v2\/comments?post=6713"}],"version-history":[{"count":4,"href":"https:\/\/potep.edu.it\/sl\/wp-json\/wp\/v2\/pages\/6713\/revisions"}],"predecessor-version":[{"id":7506,"href":"https:\/\/potep.edu.it\/sl\/wp-json\/wp\/v2\/pages\/6713\/revisions\/7506"}],"wp:attachment":[{"href":"https:\/\/potep.edu.it\/sl\/wp-json\/wp\/v2\/media?parent=6713"}],"wp:term":[{"taxonomy":"post_tag","embeddable":true,"href":"https:\/\/potep.edu.it\/sl\/wp-json\/wp\/v2\/tags?post=6713"}],"curies":[{"name":"wp","href":"https:\/\/api.w.org\/{rel}","templated":true}]}}